{"id":762,"date":"2021-04-20T14:23:26","date_gmt":"2021-04-20T12:23:26","guid":{"rendered":"https:\/\/bwazur.novaresa.website\/?page_id=762"},"modified":"2021-06-23T10:41:28","modified_gmt":"2021-06-23T08:41:28","slug":"seminars","status":"publish","type":"page","link":"https:\/\/www.hotel-hyeres-cotedazur.fr\/en\/bw-azur\/seminars\/","title":{"rendered":"Seminars"},"content":{"rendered":"[vc_row type=&#8221;full_width_background&#8221; full_screen_row_position=&#8221;middle&#8221; equal_height=&#8221;yes&#8221; content_placement=&#8221;top&#8221; bg_image=&#8221;404&#8243; bg_position=&#8221;left top&#8221; bg_repeat=&#8221;no-repeat&#8221; bg_color=&#8221;#ffffff&#8221; scene_position=&#8221;center&#8221; text_color=&#8221;light&#8221; text_align=&#8221;left&#8221; top_padding=&#8221;100&#8243; bottom_padding=&#8221;100&#8243; color_overlay=&#8221;#444444&#8243; overlay_strength=&#8221;0.5&#8243; shape_divider_position=&#8221;bottom&#8221; exclude_row_header_color_inherit=&#8221;true&#8221; shape_type=&#8221;&#8221;][vc_column column_padding=&#8221;padding-2-percent&#8221; column_padding_position=&#8221;all&#8221; background_color=&#8221;#000000&#8243; background_color_opacity=&#8221;0.6&#8243; background_hover_color_opacity=&#8221;1&#8243; font_color=&#8221;#ffffff&#8221; column_shadow=&#8221;none&#8221; column_border_radius=&#8221;none&#8221; width=&#8221;2\/3&#8243; tablet_text_alignment=&#8221;default&#8221; phone_text_alignment=&#8221;default&#8221; column_border_width=&#8221;none&#8221; column_border_style=&#8221;solid&#8221;][vc_column_text]\n<h2>Seminars<\/h2>\n<p>&nbsp;<\/p>\n<p>Our hotel has <strong>two seminar rooms of 25sqm and 100sqm (modular space\/layout)<\/strong>, both equipped with audio and video projectors.<\/p>\n<p>If you would like to organize a seminar, reception or any other personal or professional event, please send your request directly to commercial@rivieraorigins.com and \/ or contact us at +33 (0)4 94 00 52 52.<\/p>\n<p><strong>HIGHLIGHTS OF OUR HOTEL<\/strong><br \/>\n10-minute walk from Hy\u00e8res-TGV train station<br \/>\n10-minute drive from Hy\u00e8res international airport<br \/>\nFiber optic internet connection (complimentary)<br \/>\nTV-Chromecast technology in all rooms<br \/>\nAir conditioning throughout the hotel (individual controls in all rooms)<br \/>\nLounge bar, shaded terrace, and heated swimming pool<br \/>\nPrivate outdoor car park \/ parking lot with 40 spaces reserved for hotel guests<br \/>\nReception open 24\/7<br \/>\nCode-protected safe in all rooms<br \/>\nMultilingual staff (French, English, Italian, Swedish)<br \/>\nConcierge, e-Concierge, luggage storage room<br \/>\nHome made restauration[\/vc_column_text][vc_row_inner column_margin=&#8221;default&#8221; top_padding=&#8221;5%&#8221; text_align=&#8221;left&#8221;][vc_column_inner column_padding=&#8221;no-extra-padding&#8221; column_padding_position=&#8221;all&#8221; centered_text=&#8221;true&#8221; background_color_opacity=&#8221;1&#8243; background_hover_color_opacity=&#8221;1&#8243; font_color=&#8221;#ffffff&#8221; column_shadow=&#8221;none&#8221; column_border_radius=&#8221;none&#8221; width=&#8221;1\/2&#8243; column_border_width=&#8221;none&#8221; column_border_style=&#8221;solid&#8221;][nectar_btn size=&#8221;medium&#8221; button_style=&#8221;see-through-2&#8243; color_override=&#8221;#ffffff&#8221; hover_color_override=&#8221;#8b1936&#8243; hover_text_color_override=&#8221;#000000&#8243; icon_family=&#8221;none&#8221; url=&#8221;https:\/\/bwazur.novaresa.website\/#prestations&#8221; text=&#8221;BACK TO HOME PAGE&#8221;][\/vc_column_inner][vc_column_inner column_padding=&#8221;no-extra-padding&#8221; column_padding_position=&#8221;all&#8221; centered_text=&#8221;true&#8221; background_color_opacity=&#8221;1&#8243; background_hover_color_opacity=&#8221;1&#8243; font_color=&#8221;#444444&#8243; column_shadow=&#8221;none&#8221; column_border_radius=&#8221;none&#8221; width=&#8221;1\/2&#8243; column_border_width=&#8221;none&#8221; column_border_style=&#8221;solid&#8221;][nectar_btn size=&#8221;medium&#8221; button_style=&#8221;see-through-2&#8243; color_override=&#8221;#ffffff&#8221; hover_color_override=&#8221;#8b1936&#8243; hover_text_color_override=&#8221;#ffffff&#8221; icon_family=&#8221;none&#8221; el_class=&#8221;btn_custom&#8221; url=&#8221;\/en\/seminars-gallery\/&#8221; text=&#8221;VIEW OUR GALLERY&#8221;][\/vc_column_inner][\/vc_row_inner][\/vc_column][vc_column column_padding=&#8221;no-extra-padding&#8221; column_padding_position=&#8221;all&#8221; background_color_opacity=&#8221;1&#8243; background_hover_color_opacity=&#8221;1&#8243; column_shadow=&#8221;none&#8221; column_border_radius=&#8221;none&#8221; width=&#8221;1\/3&#8243; tablet_text_alignment=&#8221;default&#8221; phone_text_alignment=&#8221;default&#8221; column_border_width=&#8221;none&#8221; column_border_style=&#8221;solid&#8221;][image_with_animation image_url=&#8221;403&#8243; alignment=&#8221;right&#8221; animation=&#8221;Fade In From Right&#8221; img_link_large=&#8221;yes&#8221; border_radius=&#8221;none&#8221; box_shadow=&#8221;none&#8221; max_width=&#8221;100%&#8221; delay=&#8221;100&#8243;][image_with_animation image_url=&#8221;404&#8243; alignment=&#8221;right&#8221; animation=&#8221;Fade In From Right&#8221; img_link_large=&#8221;yes&#8221; border_radius=&#8221;none&#8221; box_shadow=&#8221;none&#8221; max_width=&#8221;100%&#8221; delay=&#8221;100&#8243;][image_with_animation image_url=&#8221;379&#8243; alignment=&#8221;right&#8221; animation=&#8221;Fade In From Right&#8221; img_link_large=&#8221;yes&#8221; border_radius=&#8221;none&#8221; box_shadow=&#8221;none&#8221; max_width=&#8221;100%&#8221; delay=&#8221;100&#8243;][\/vc_column][\/vc_row]\n","protected":false},"excerpt":{"rendered":"<p>[vc_row type=&#8221;full_width_background&#8221; full_screen_row_position=&#8221;middle&#8221; equal_height=&#8221;yes&#8221; content_placement=&#8221;top&#8221; bg_image=&#8221;404&#8243; bg_position=&#8221;left top&#8221; bg_repeat=&#8221;no-repeat&#8221; bg_color=&#8221;#ffffff&#8221; scene_position=&#8221;center&#8221; text_color=&#8221;light&#8221; text_align=&#8221;left&#8221; top_padding=&#8221;100&#8243; bottom_padding=&#8221;100&#8243; color_overlay=&#8221;#444444&#8243; overlay_strength=&#8221;0.5&#8243; shape_divider_position=&#8221;bottom&#8221; exclude_row_header_color_inherit=&#8221;true&#8221; shape_type=&#8221;&#8221;][vc_column column_padding=&#8221;padding-2-percent&#8221; column_padding_position=&#8221;all&#8221; background_color=&#8221;#000000&#8243; background_color_opacity=&#8221;0.6&#8243; background_hover_color_opacity=&#8221;1&#8243; font_color=&#8221;#ffffff&#8221; column_shadow=&#8221;none&#8221; column_border_radius=&#8221;none&#8221; width=&#8221;2\/3&#8243; tablet_text_alignment=&#8221;default&#8221;&#8230;<\/p>\n","protected":false},"author":1,"featured_media":0,"parent":751,"menu_order":0,"comment_status":"closed","ping_status":"closed","template":"","meta":{"footnotes":""},"class_list":["post-762","page","type-page","status-publish"],"yoast_head":"<!-- This site is optimized with the Yoast SEO plugin v27.2 - https:\/\/yoast.com\/product\/yoast-seo-wordpress\/ -->\n<title>Seminars - Best Western C\u00f4te d&#039;Azur<\/title>\n<meta name=\"robots\" content=\"index, follow, max-snippet:-1, max-image-preview:large, max-video-preview:-1\" \/>\n<link rel=\"canonical\" href=\"https:\/\/www.hotel-hyeres-cotedazur.fr\/en\/bw-azur\/seminars\/\" \/>\n<meta property=\"og:locale\" content=\"en_US\" \/>\n<meta property=\"og:type\" content=\"article\" \/>\n<meta property=\"og:title\" content=\"Seminars - Best Western C\u00f4te d&#039;Azur\" \/>\n<meta property=\"og:description\" content=\"[vc_row type=&#8221;full_width_background&#8221; full_screen_row_position=&#8221;middle&#8221; equal_height=&#8221;yes&#8221; content_placement=&#8221;top&#8221; bg_image=&#8221;404&#8243; bg_position=&#8221;left top&#8221; bg_repeat=&#8221;no-repeat&#8221; bg_color=&#8221;#ffffff&#8221; scene_position=&#8221;center&#8221; text_color=&#8221;light&#8221; text_align=&#8221;left&#8221; top_padding=&#8221;100&#8243; bottom_padding=&#8221;100&#8243; color_overlay=&#8221;#444444&#8243; overlay_strength=&#8221;0.5&#8243; shape_divider_position=&#8221;bottom&#8221; exclude_row_header_color_inherit=&#8221;true&#8221; shape_type=&#8221;&#8221;][vc_column column_padding=&#8221;padding-2-percent&#8221; column_padding_position=&#8221;all&#8221; background_color=&#8221;#000000&#8243; background_color_opacity=&#8221;0.6&#8243; background_hover_color_opacity=&#8221;1&#8243; font_color=&#8221;#ffffff&#8221; column_shadow=&#8221;none&#8221; column_border_radius=&#8221;none&#8221; width=&#8221;2\/3&#8243; tablet_text_alignment=&#8221;default&#8221;...\" \/>\n<meta property=\"og:url\" content=\"https:\/\/www.hotel-hyeres-cotedazur.fr\/en\/bw-azur\/seminars\/\" \/>\n<meta property=\"og:site_name\" content=\"Best Western C\u00f4te d&#039;Azur\" \/>\n<meta property=\"article:modified_time\" content=\"2021-06-23T08:41:28+00:00\" \/>\n<meta name=\"twitter:card\" content=\"summary_large_image\" \/>\n<meta name=\"twitter:label1\" content=\"Est. reading time\" \/>\n\t<meta name=\"twitter:data1\" content=\"3 minutes\" \/>\n<script type=\"application\/ld+json\" class=\"yoast-schema-graph\">{\"@context\":\"https:\/\/schema.org\",\"@graph\":[{\"@type\":\"WebPage\",\"@id\":\"https:\/\/www.hotel-hyeres-cotedazur.fr\/en\/bw-azur\/seminars\/\",\"url\":\"https:\/\/www.hotel-hyeres-cotedazur.fr\/en\/bw-azur\/seminars\/\",\"name\":\"Seminars - Best Western C\u00f4te d&#039;Azur\",\"isPartOf\":{\"@id\":\"https:\/\/www.hotel-hyeres-cotedazur.fr\/#website\"},\"datePublished\":\"2021-04-20T12:23:26+00:00\",\"dateModified\":\"2021-06-23T08:41:28+00:00\",\"breadcrumb\":{\"@id\":\"https:\/\/www.hotel-hyeres-cotedazur.fr\/en\/bw-azur\/seminars\/#breadcrumb\"},\"inLanguage\":\"en-US\",\"potentialAction\":[{\"@type\":\"ReadAction\",\"target\":[\"https:\/\/www.hotel-hyeres-cotedazur.fr\/en\/bw-azur\/seminars\/\"]}]},{\"@type\":\"BreadcrumbList\",\"@id\":\"https:\/\/www.hotel-hyeres-cotedazur.fr\/en\/bw-azur\/seminars\/#breadcrumb\",\"itemListElement\":[{\"@type\":\"ListItem\",\"position\":1,\"name\":\"Accueil\",\"item\":\"https:\/\/www.hotel-hyeres-cotedazur.fr\/en\/\"},{\"@type\":\"ListItem\",\"position\":2,\"name\":\"Best Western Plus Hy\u00e8res C\u00f4te d&rsquo;Azur\",\"item\":\"https:\/\/www.hotel-hyeres-cotedazur.fr\/en\/\"},{\"@type\":\"ListItem\",\"position\":3,\"name\":\"Seminars\"}]},{\"@type\":\"WebSite\",\"@id\":\"https:\/\/www.hotel-hyeres-cotedazur.fr\/#website\",\"url\":\"https:\/\/www.hotel-hyeres-cotedazur.fr\/\",\"name\":\"Best Western C\u00f4te d&#039;Azur\",\"description\":\"BEST WESTERN PLUS H\u00d4TEL HY\u00c8RES C\u00d4TE D&#039;AZUR ****\",\"potentialAction\":[{\"@type\":\"SearchAction\",\"target\":{\"@type\":\"EntryPoint\",\"urlTemplate\":\"https:\/\/www.hotel-hyeres-cotedazur.fr\/?s={search_term_string}\"},\"query-input\":{\"@type\":\"PropertyValueSpecification\",\"valueRequired\":true,\"valueName\":\"search_term_string\"}}],\"inLanguage\":\"en-US\"}]}<\/script>\n<!-- \/ Yoast SEO plugin. -->","yoast_head_json":{"title":"Seminars - Best Western C\u00f4te d&#039;Azur","robots":{"index":"index","follow":"follow","max-snippet":"max-snippet:-1","max-image-preview":"max-image-preview:large","max-video-preview":"max-video-preview:-1"},"canonical":"https:\/\/www.hotel-hyeres-cotedazur.fr\/en\/bw-azur\/seminars\/","og_locale":"en_US","og_type":"article","og_title":"Seminars - Best Western C\u00f4te d&#039;Azur","og_description":"[vc_row type=&#8221;full_width_background&#8221; full_screen_row_position=&#8221;middle&#8221; equal_height=&#8221;yes&#8221; content_placement=&#8221;top&#8221; bg_image=&#8221;404&#8243; bg_position=&#8221;left top&#8221; bg_repeat=&#8221;no-repeat&#8221; bg_color=&#8221;#ffffff&#8221; scene_position=&#8221;center&#8221; text_color=&#8221;light&#8221; text_align=&#8221;left&#8221; top_padding=&#8221;100&#8243; bottom_padding=&#8221;100&#8243; color_overlay=&#8221;#444444&#8243; overlay_strength=&#8221;0.5&#8243; shape_divider_position=&#8221;bottom&#8221; exclude_row_header_color_inherit=&#8221;true&#8221; shape_type=&#8221;&#8221;][vc_column column_padding=&#8221;padding-2-percent&#8221; column_padding_position=&#8221;all&#8221; background_color=&#8221;#000000&#8243; background_color_opacity=&#8221;0.6&#8243; background_hover_color_opacity=&#8221;1&#8243; font_color=&#8221;#ffffff&#8221; column_shadow=&#8221;none&#8221; column_border_radius=&#8221;none&#8221; width=&#8221;2\/3&#8243; tablet_text_alignment=&#8221;default&#8221;...","og_url":"https:\/\/www.hotel-hyeres-cotedazur.fr\/en\/bw-azur\/seminars\/","og_site_name":"Best Western C\u00f4te d&#039;Azur","article_modified_time":"2021-06-23T08:41:28+00:00","twitter_card":"summary_large_image","twitter_misc":{"Est. reading time":"3 minutes"},"schema":{"@context":"https:\/\/schema.org","@graph":[{"@type":"WebPage","@id":"https:\/\/www.hotel-hyeres-cotedazur.fr\/en\/bw-azur\/seminars\/","url":"https:\/\/www.hotel-hyeres-cotedazur.fr\/en\/bw-azur\/seminars\/","name":"Seminars - Best Western C\u00f4te d&#039;Azur","isPartOf":{"@id":"https:\/\/www.hotel-hyeres-cotedazur.fr\/#website"},"datePublished":"2021-04-20T12:23:26+00:00","dateModified":"2021-06-23T08:41:28+00:00","breadcrumb":{"@id":"https:\/\/www.hotel-hyeres-cotedazur.fr\/en\/bw-azur\/seminars\/#breadcrumb"},"inLanguage":"en-US","potentialAction":[{"@type":"ReadAction","target":["https:\/\/www.hotel-hyeres-cotedazur.fr\/en\/bw-azur\/seminars\/"]}]},{"@type":"BreadcrumbList","@id":"https:\/\/www.hotel-hyeres-cotedazur.fr\/en\/bw-azur\/seminars\/#breadcrumb","itemListElement":[{"@type":"ListItem","position":1,"name":"Accueil","item":"https:\/\/www.hotel-hyeres-cotedazur.fr\/en\/"},{"@type":"ListItem","position":2,"name":"Best Western Plus Hy\u00e8res C\u00f4te d&rsquo;Azur","item":"https:\/\/www.hotel-hyeres-cotedazur.fr\/en\/"},{"@type":"ListItem","position":3,"name":"Seminars"}]},{"@type":"WebSite","@id":"https:\/\/www.hotel-hyeres-cotedazur.fr\/#website","url":"https:\/\/www.hotel-hyeres-cotedazur.fr\/","name":"Best Western C\u00f4te d&#039;Azur","description":"BEST WESTERN PLUS H\u00d4TEL HY\u00c8RES C\u00d4TE D&#039;AZUR ****","potentialAction":[{"@type":"SearchAction","target":{"@type":"EntryPoint","urlTemplate":"https:\/\/www.hotel-hyeres-cotedazur.fr\/?s={search_term_string}"},"query-input":{"@type":"PropertyValueSpecification","valueRequired":true,"valueName":"search_term_string"}}],"inLanguage":"en-US"}]}},"_links":{"self":[{"href":"https:\/\/www.hotel-hyeres-cotedazur.fr\/en\/wp-json\/wp\/v2\/pages\/762","targetHints":{"allow":["GET"]}}],"collection":[{"href":"https:\/\/www.hotel-hyeres-cotedazur.fr\/en\/wp-json\/wp\/v2\/pages"}],"about":[{"href":"https:\/\/www.hotel-hyeres-cotedazur.fr\/en\/wp-json\/wp\/v2\/types\/page"}],"author":[{"embeddable":true,"href":"https:\/\/www.hotel-hyeres-cotedazur.fr\/en\/wp-json\/wp\/v2\/users\/1"}],"replies":[{"embeddable":true,"href":"https:\/\/www.hotel-hyeres-cotedazur.fr\/en\/wp-json\/wp\/v2\/comments?post=762"}],"version-history":[{"count":3,"href":"https:\/\/www.hotel-hyeres-cotedazur.fr\/en\/wp-json\/wp\/v2\/pages\/762\/revisions"}],"predecessor-version":[{"id":843,"href":"https:\/\/www.hotel-hyeres-cotedazur.fr\/en\/wp-json\/wp\/v2\/pages\/762\/revisions\/843"}],"up":[{"embeddable":true,"href":"https:\/\/www.hotel-hyeres-cotedazur.fr\/en\/wp-json\/wp\/v2\/pages\/751"}],"wp:attachment":[{"href":"https:\/\/www.hotel-hyeres-cotedazur.fr\/en\/wp-json\/wp\/v2\/media?parent=762"}],"curies":[{"name":"wp","href":"https:\/\/api.w.org\/{rel}","templated":true}]}}