{"id":766,"date":"2021-04-20T14:26:58","date_gmt":"2021-04-20T12:26:58","guid":{"rendered":"https:\/\/bwazur.novaresa.website\/?page_id=766"},"modified":"2021-04-20T15:00:33","modified_gmt":"2021-04-20T13:00:33","slug":"gallery","status":"publish","type":"page","link":"https:\/\/www.hotel-hyeres-cotedazur.fr\/en\/gallery\/","title":{"rendered":"Photo Gallery"},"content":{"rendered":"[vc_row type=&#8221;full_width_background&#8221; full_screen_row_position=&#8221;middle&#8221; bg_image=&#8221;400&#8243; bg_position=&#8221;left top&#8221; bg_repeat=&#8221;no-repeat&#8221; scene_position=&#8221;center&#8221; text_color=&#8221;light&#8221; text_align=&#8221;left&#8221; top_padding=&#8221;100&#8243; color_overlay=&#8221;#0a0a0a&#8221; overlay_strength=&#8221;0.5&#8243; shape_divider_position=&#8221;bottom&#8221; shape_type=&#8221;&#8221;][vc_column column_padding=&#8221;padding-2-percent&#8221; column_padding_position=&#8221;all&#8221; background_color_opacity=&#8221;1&#8243; background_hover_color_opacity=&#8221;1&#8243; column_shadow=&#8221;none&#8221; column_border_radius=&#8221;none&#8221; width=&#8221;1\/1&#8243; tablet_text_alignment=&#8221;default&#8221; phone_text_alignment=&#8221;default&#8221; column_border_width=&#8221;none&#8221; column_border_style=&#8221;solid&#8221;][vc_row_inner column_margin=&#8221;default&#8221; text_align=&#8221;left&#8221;][vc_column_inner column_padding=&#8221;no-extra-padding&#8221; column_padding_position=&#8221;all&#8221; background_color_opacity=&#8221;1&#8243; background_hover_color_opacity=&#8221;1&#8243; column_shadow=&#8221;none&#8221; column_border_radius=&#8221;none&#8221; width=&#8221;1\/2&#8243; column_border_width=&#8221;none&#8221; column_border_style=&#8221;solid&#8221;][vc_column_text css=&#8221;.vc_custom_1618921652002{padding-bottom: 50px !important;}&#8221;]\n<h2>PHOTO GALLERY<\/h2>\n[\/vc_column_text][\/vc_column_inner][vc_column_inner column_padding=&#8221;no-extra-padding&#8221; column_padding_position=&#8221;all&#8221; background_color_opacity=&#8221;1&#8243; background_hover_color_opacity=&#8221;1&#8243; column_shadow=&#8221;none&#8221; column_border_radius=&#8221;none&#8221; width=&#8221;1\/2&#8243; column_border_width=&#8221;none&#8221; column_border_style=&#8221;solid&#8221;][nectar_btn size=&#8221;medium&#8221; button_style=&#8221;see-through-2&#8243; color_override=&#8221;#ffffff&#8221; hover_color_override=&#8221;#8b1936&#8243; hover_text_color_override=&#8221;#ffffff&#8221; icon_family=&#8221;none&#8221; el_class=&#8221;gal_btn&#8221; url=&#8221;https:\/\/bwazur.novaresa.website\/&#8221; text=&#8221;BACK TO HOME PAGE&#8221;][\/vc_column_inner][\/vc_row_inner][vc_gallery type=&#8221;image_grid&#8221; images=&#8221;366,367,368,370,371,372,373,374,375,376,377,378,379,380,381,382,383,384,385,386,387,388,389,390,391,392,393,394,395,398,399,400,401,403,404,405,406,407,408,409,410,411,412,413,414,415,416,417&#8243; layout=&#8221;3&#8243; gallery_style=&#8221;5&#8243; load_in_animation=&#8221;fade_in_from_bottom&#8221;][\/vc_column][\/vc_row]\n","protected":false},"excerpt":{"rendered":"<p>[vc_row type=&#8221;full_width_background&#8221; full_screen_row_position=&#8221;middle&#8221; bg_image=&#8221;400&#8243; bg_position=&#8221;left top&#8221; bg_repeat=&#8221;no-repeat&#8221; scene_position=&#8221;center&#8221; text_color=&#8221;light&#8221; text_align=&#8221;left&#8221; top_padding=&#8221;100&#8243; color_overlay=&#8221;#0a0a0a&#8221; overlay_strength=&#8221;0.5&#8243; shape_divider_position=&#8221;bottom&#8221; shape_type=&#8221;&#8221;][vc_column column_padding=&#8221;padding-2-percent&#8221; column_padding_position=&#8221;all&#8221; background_color_opacity=&#8221;1&#8243; background_hover_color_opacity=&#8221;1&#8243; column_shadow=&#8221;none&#8221; column_border_radius=&#8221;none&#8221; width=&#8221;1\/1&#8243; tablet_text_alignment=&#8221;default&#8221; phone_text_alignment=&#8221;default&#8221; column_border_width=&#8221;none&#8221; column_border_style=&#8221;solid&#8221;][vc_row_inner column_margin=&#8221;default&#8221; text_align=&#8221;left&#8221;][vc_column_inner column_padding=&#8221;no-extra-padding&#8221; column_padding_position=&#8221;all&#8221;&#8230;<\/p>\n","protected":false},"author":1,"featured_media":0,"parent":0,"menu_order":0,"comment_status":"closed","ping_status":"closed","template":"","meta":{"footnotes":""},"class_list":["post-766","page","type-page","status-publish"],"yoast_head":"<!-- This site is optimized with the Yoast SEO plugin v27.2 - https:\/\/yoast.com\/product\/yoast-seo-wordpress\/ -->\n<title>Photo Gallery - Best Western C\u00f4te d&#039;Azur<\/title>\n<meta name=\"robots\" content=\"index, follow, max-snippet:-1, max-image-preview:large, max-video-preview:-1\" \/>\n<link rel=\"canonical\" href=\"https:\/\/www.hotel-hyeres-cotedazur.fr\/en\/gallery\/\" \/>\n<meta property=\"og:locale\" content=\"en_US\" \/>\n<meta property=\"og:type\" content=\"article\" \/>\n<meta property=\"og:title\" content=\"Photo Gallery - Best Western C\u00f4te d&#039;Azur\" \/>\n<meta property=\"og:description\" content=\"[vc_row type=&#8221;full_width_background&#8221; full_screen_row_position=&#8221;middle&#8221; bg_image=&#8221;400&#8243; bg_position=&#8221;left top&#8221; bg_repeat=&#8221;no-repeat&#8221; scene_position=&#8221;center&#8221; text_color=&#8221;light&#8221; text_align=&#8221;left&#8221; top_padding=&#8221;100&#8243; color_overlay=&#8221;#0a0a0a&#8221; overlay_strength=&#8221;0.5&#8243; shape_divider_position=&#8221;bottom&#8221; shape_type=&#8221;&#8221;][vc_column column_padding=&#8221;padding-2-percent&#8221; column_padding_position=&#8221;all&#8221; background_color_opacity=&#8221;1&#8243; background_hover_color_opacity=&#8221;1&#8243; column_shadow=&#8221;none&#8221; column_border_radius=&#8221;none&#8221; width=&#8221;1\/1&#8243; tablet_text_alignment=&#8221;default&#8221; phone_text_alignment=&#8221;default&#8221; column_border_width=&#8221;none&#8221; column_border_style=&#8221;solid&#8221;][vc_row_inner column_margin=&#8221;default&#8221; text_align=&#8221;left&#8221;][vc_column_inner column_padding=&#8221;no-extra-padding&#8221; column_padding_position=&#8221;all&#8221;...\" \/>\n<meta property=\"og:url\" content=\"https:\/\/www.hotel-hyeres-cotedazur.fr\/en\/gallery\/\" \/>\n<meta property=\"og:site_name\" content=\"Best Western C\u00f4te d&#039;Azur\" \/>\n<meta property=\"article:modified_time\" content=\"2021-04-20T13:00:33+00:00\" \/>\n<meta name=\"twitter:card\" content=\"summary_large_image\" \/>\n<meta name=\"twitter:label1\" content=\"Est. reading time\" \/>\n\t<meta name=\"twitter:data1\" content=\"1 minute\" \/>\n<script type=\"application\/ld+json\" class=\"yoast-schema-graph\">{\"@context\":\"https:\/\/schema.org\",\"@graph\":[{\"@type\":\"WebPage\",\"@id\":\"https:\/\/www.hotel-hyeres-cotedazur.fr\/en\/gallery\/\",\"url\":\"https:\/\/www.hotel-hyeres-cotedazur.fr\/en\/gallery\/\",\"name\":\"Photo Gallery - Best Western C\u00f4te d&#039;Azur\",\"isPartOf\":{\"@id\":\"https:\/\/www.hotel-hyeres-cotedazur.fr\/#website\"},\"datePublished\":\"2021-04-20T12:26:58+00:00\",\"dateModified\":\"2021-04-20T13:00:33+00:00\",\"breadcrumb\":{\"@id\":\"https:\/\/www.hotel-hyeres-cotedazur.fr\/en\/gallery\/#breadcrumb\"},\"inLanguage\":\"en-US\",\"potentialAction\":[{\"@type\":\"ReadAction\",\"target\":[\"https:\/\/www.hotel-hyeres-cotedazur.fr\/en\/gallery\/\"]}]},{\"@type\":\"BreadcrumbList\",\"@id\":\"https:\/\/www.hotel-hyeres-cotedazur.fr\/en\/gallery\/#breadcrumb\",\"itemListElement\":[{\"@type\":\"ListItem\",\"position\":1,\"name\":\"Accueil\",\"item\":\"https:\/\/www.hotel-hyeres-cotedazur.fr\/en\/\"},{\"@type\":\"ListItem\",\"position\":2,\"name\":\"Photo Gallery\"}]},{\"@type\":\"WebSite\",\"@id\":\"https:\/\/www.hotel-hyeres-cotedazur.fr\/#website\",\"url\":\"https:\/\/www.hotel-hyeres-cotedazur.fr\/\",\"name\":\"Best Western C\u00f4te d&#039;Azur\",\"description\":\"BEST WESTERN PLUS H\u00d4TEL HY\u00c8RES C\u00d4TE D&#039;AZUR ****\",\"potentialAction\":[{\"@type\":\"SearchAction\",\"target\":{\"@type\":\"EntryPoint\",\"urlTemplate\":\"https:\/\/www.hotel-hyeres-cotedazur.fr\/?s={search_term_string}\"},\"query-input\":{\"@type\":\"PropertyValueSpecification\",\"valueRequired\":true,\"valueName\":\"search_term_string\"}}],\"inLanguage\":\"en-US\"}]}<\/script>\n<!-- \/ Yoast SEO plugin. -->","yoast_head_json":{"title":"Photo Gallery - Best Western C\u00f4te d&#039;Azur","robots":{"index":"index","follow":"follow","max-snippet":"max-snippet:-1","max-image-preview":"max-image-preview:large","max-video-preview":"max-video-preview:-1"},"canonical":"https:\/\/www.hotel-hyeres-cotedazur.fr\/en\/gallery\/","og_locale":"en_US","og_type":"article","og_title":"Photo Gallery - Best Western C\u00f4te d&#039;Azur","og_description":"[vc_row type=&#8221;full_width_background&#8221; full_screen_row_position=&#8221;middle&#8221; bg_image=&#8221;400&#8243; bg_position=&#8221;left top&#8221; bg_repeat=&#8221;no-repeat&#8221; scene_position=&#8221;center&#8221; text_color=&#8221;light&#8221; text_align=&#8221;left&#8221; top_padding=&#8221;100&#8243; color_overlay=&#8221;#0a0a0a&#8221; overlay_strength=&#8221;0.5&#8243; shape_divider_position=&#8221;bottom&#8221; shape_type=&#8221;&#8221;][vc_column column_padding=&#8221;padding-2-percent&#8221; column_padding_position=&#8221;all&#8221; background_color_opacity=&#8221;1&#8243; background_hover_color_opacity=&#8221;1&#8243; column_shadow=&#8221;none&#8221; column_border_radius=&#8221;none&#8221; width=&#8221;1\/1&#8243; tablet_text_alignment=&#8221;default&#8221; phone_text_alignment=&#8221;default&#8221; column_border_width=&#8221;none&#8221; column_border_style=&#8221;solid&#8221;][vc_row_inner column_margin=&#8221;default&#8221; text_align=&#8221;left&#8221;][vc_column_inner column_padding=&#8221;no-extra-padding&#8221; column_padding_position=&#8221;all&#8221;...","og_url":"https:\/\/www.hotel-hyeres-cotedazur.fr\/en\/gallery\/","og_site_name":"Best Western C\u00f4te d&#039;Azur","article_modified_time":"2021-04-20T13:00:33+00:00","twitter_card":"summary_large_image","twitter_misc":{"Est. reading time":"1 minute"},"schema":{"@context":"https:\/\/schema.org","@graph":[{"@type":"WebPage","@id":"https:\/\/www.hotel-hyeres-cotedazur.fr\/en\/gallery\/","url":"https:\/\/www.hotel-hyeres-cotedazur.fr\/en\/gallery\/","name":"Photo Gallery - Best Western C\u00f4te d&#039;Azur","isPartOf":{"@id":"https:\/\/www.hotel-hyeres-cotedazur.fr\/#website"},"datePublished":"2021-04-20T12:26:58+00:00","dateModified":"2021-04-20T13:00:33+00:00","breadcrumb":{"@id":"https:\/\/www.hotel-hyeres-cotedazur.fr\/en\/gallery\/#breadcrumb"},"inLanguage":"en-US","potentialAction":[{"@type":"ReadAction","target":["https:\/\/www.hotel-hyeres-cotedazur.fr\/en\/gallery\/"]}]},{"@type":"BreadcrumbList","@id":"https:\/\/www.hotel-hyeres-cotedazur.fr\/en\/gallery\/#breadcrumb","itemListElement":[{"@type":"ListItem","position":1,"name":"Accueil","item":"https:\/\/www.hotel-hyeres-cotedazur.fr\/en\/"},{"@type":"ListItem","position":2,"name":"Photo Gallery"}]},{"@type":"WebSite","@id":"https:\/\/www.hotel-hyeres-cotedazur.fr\/#website","url":"https:\/\/www.hotel-hyeres-cotedazur.fr\/","name":"Best Western C\u00f4te d&#039;Azur","description":"BEST WESTERN PLUS H\u00d4TEL HY\u00c8RES C\u00d4TE D&#039;AZUR ****","potentialAction":[{"@type":"SearchAction","target":{"@type":"EntryPoint","urlTemplate":"https:\/\/www.hotel-hyeres-cotedazur.fr\/?s={search_term_string}"},"query-input":{"@type":"PropertyValueSpecification","valueRequired":true,"valueName":"search_term_string"}}],"inLanguage":"en-US"}]}},"_links":{"self":[{"href":"https:\/\/www.hotel-hyeres-cotedazur.fr\/en\/wp-json\/wp\/v2\/pages\/766","targetHints":{"allow":["GET"]}}],"collection":[{"href":"https:\/\/www.hotel-hyeres-cotedazur.fr\/en\/wp-json\/wp\/v2\/pages"}],"about":[{"href":"https:\/\/www.hotel-hyeres-cotedazur.fr\/en\/wp-json\/wp\/v2\/types\/page"}],"author":[{"embeddable":true,"href":"https:\/\/www.hotel-hyeres-cotedazur.fr\/en\/wp-json\/wp\/v2\/users\/1"}],"replies":[{"embeddable":true,"href":"https:\/\/www.hotel-hyeres-cotedazur.fr\/en\/wp-json\/wp\/v2\/comments?post=766"}],"version-history":[{"count":2,"href":"https:\/\/www.hotel-hyeres-cotedazur.fr\/en\/wp-json\/wp\/v2\/pages\/766\/revisions"}],"predecessor-version":[{"id":768,"href":"https:\/\/www.hotel-hyeres-cotedazur.fr\/en\/wp-json\/wp\/v2\/pages\/766\/revisions\/768"}],"wp:attachment":[{"href":"https:\/\/www.hotel-hyeres-cotedazur.fr\/en\/wp-json\/wp\/v2\/media?parent=766"}],"curies":[{"name":"wp","href":"https:\/\/api.w.org\/{rel}","templated":true}]}}