{"id":777,"date":"2021-04-20T14:40:32","date_gmt":"2021-04-20T12:40:32","guid":{"rendered":"https:\/\/bwazur.novaresa.website\/?page_id=777"},"modified":"2021-06-23T10:41:43","modified_gmt":"2021-06-23T08:41:43","slug":"tourism","status":"publish","type":"page","link":"https:\/\/www.hotel-hyeres-cotedazur.fr\/en\/bw-azur\/tourism\/","title":{"rendered":"Tourism"},"content":{"rendered":"[vc_row type=&#8221;full_width_background&#8221; full_screen_row_position=&#8221;middle&#8221; equal_height=&#8221;yes&#8221; content_placement=&#8221;middle&#8221; bg_image=&#8221;461&#8243; bg_position=&#8221;left top&#8221; bg_repeat=&#8221;no-repeat&#8221; bg_color=&#8221;#ffffff&#8221; scene_position=&#8221;center&#8221; text_color=&#8221;light&#8221; text_align=&#8221;left&#8221; top_padding=&#8221;100&#8243; bottom_padding=&#8221;100&#8243; color_overlay=&#8221;#444444&#8243; overlay_strength=&#8221;0.5&#8243; shape_divider_position=&#8221;bottom&#8221; exclude_row_header_color_inherit=&#8221;true&#8221; shape_type=&#8221;&#8221;][vc_column column_padding=&#8221;padding-2-percent&#8221; column_padding_position=&#8221;all&#8221; background_color=&#8221;#0a0000&#8243; background_color_opacity=&#8221;0.6&#8243; background_hover_color_opacity=&#8221;1&#8243; font_color=&#8221;#ffffff&#8221; column_shadow=&#8221;none&#8221; column_border_radius=&#8221;none&#8221; width=&#8221;2\/3&#8243; tablet_text_alignment=&#8221;default&#8221; phone_text_alignment=&#8221;default&#8221; column_border_width=&#8221;none&#8221; column_border_style=&#8221;solid&#8221;][vc_column_text]\n<h2>Tourism<\/h2>\n<p><strong>Our region is unique, just like your stay<\/strong><\/p>\n<p><strong>Discover the Mediterranean<\/strong><\/p>\n<ul>\n<li><strong>The Golden Isles<\/strong>, jewel of the Mediterranean: discover the islands of Porquerolles, Le Levant, and Port-Cros. Several boat shuttle companies operate connections to the Golden Isles every 20 minutes during the summer season. Contact our team who will be able to advise and guide you.<\/li>\n<li>Let yourself be lulled by the sound of the waves in <strong>Port Niel<\/strong> or in the <strong>port of Hy\u00e8res<\/strong>.<\/li>\n<li><strong>Hike<\/strong> with a breathtaking view of the sea on the Coastal Path of the Giens peninsula.<\/li>\n<li>Enjoy the local <strong>beaches<\/strong>: the <strong>Almanarre beach<\/strong> is nearly 5 kilometers long and is located along the <strong>\u2018Salt Route\u2019<\/strong>, one of the two \u2018tombolos\u2019 which characterize the unique <strong>Giens peninsula<\/strong>. The shallow depths of the <strong>La Capte beach<\/strong> make it an ideal destination for families.<\/li>\n<li><strong>Water sports<\/strong>: kitesurfing, windsurfing, snorkeling, and other family aquatic activities are available during the summer season.<\/li>\n<li>\u2026and so much more! Our friendly staff is available to help guide you in your choice of activities.<\/li>\n<\/ul>\n<p>&nbsp;<\/p>\n<p><strong>Explore (further) inland <\/strong><\/p>\n<ul>\n<li><strong>Villa Noailles<\/strong>, which hosts the International Fashion Festival every year<\/li>\n<li><strong>The Carmignac Foundation<\/strong>, a museum on the island of Porquerolles which houses works from Botticelli to Warhol. The museum can be visited barefoot!<\/li>\n<li><strong>Local go-kart tracks<\/strong> and treetop adventure courses<\/li>\n<li><strong>Bicycle tourism<\/strong><\/li>\n<li><strong>Circuit Paul Ricard du Castellet<\/strong>, the auto racetrack that hosts the F1 French Grand Prix each year<\/li>\n<li>Evenings at the <strong>Casino de Hy\u00e8res<\/strong><\/li>\n<li><strong>The Knights Templar Tower<\/strong>, a vestige of the Commanderie created by the Knights Templars in the 12<sup>th<\/sup> century, also called the Saint Blaise chapel, is classified as a Historic Monument.<\/li>\n<li>The <strong>Olbia archaeological site<\/strong><\/li>\n<li><strong>MAGIC WORLD amusement park<\/strong><\/li>\n<li>\u2026 and much more!<\/li>\n<\/ul>\n[\/vc_column_text][vc_row_inner column_margin=&#8221;default&#8221; top_padding=&#8221;5%&#8221; text_align=&#8221;left&#8221;][vc_column_inner column_padding=&#8221;no-extra-padding&#8221; column_padding_position=&#8221;all&#8221; centered_text=&#8221;true&#8221; background_color_opacity=&#8221;1&#8243; background_hover_color_opacity=&#8221;1&#8243; column_shadow=&#8221;none&#8221; column_border_radius=&#8221;none&#8221; width=&#8221;1\/2&#8243; column_border_width=&#8221;none&#8221; column_border_style=&#8221;solid&#8221;][nectar_btn size=&#8221;medium&#8221; button_style=&#8221;see-through-2&#8243; color_override=&#8221;#ffffff&#8221; hover_color_override=&#8221;#8b1936&#8243; hover_text_color_override=&#8221;#ffffff&#8221; icon_family=&#8221;none&#8221; url=&#8221;\/#divers&#8221; text=&#8221;BACK TO HOME PAGE&#8221;][\/vc_column_inner][vc_column_inner column_padding=&#8221;no-extra-padding&#8221; column_padding_position=&#8221;all&#8221; centered_text=&#8221;true&#8221; background_color_opacity=&#8221;1&#8243; background_hover_color_opacity=&#8221;1&#8243; column_shadow=&#8221;none&#8221; column_border_radius=&#8221;none&#8221; width=&#8221;1\/2&#8243; column_border_width=&#8221;none&#8221; column_border_style=&#8221;solid&#8221;][\/vc_column_inner][\/vc_row_inner][\/vc_column][vc_column column_padding=&#8221;no-extra-padding&#8221; column_padding_position=&#8221;all&#8221; background_color_opacity=&#8221;1&#8243; background_hover_color_opacity=&#8221;1&#8243; background_image=&#8221;461&#8243; enable_bg_scale=&#8221;true&#8221; column_shadow=&#8221;none&#8221; column_border_radius=&#8221;none&#8221; width=&#8221;1\/3&#8243; tablet_text_alignment=&#8221;default&#8221; phone_text_alignment=&#8221;default&#8221; column_border_width=&#8221;none&#8221; column_border_style=&#8221;solid&#8221;][\/vc_column][\/vc_row]\n","protected":false},"excerpt":{"rendered":"<p>[vc_row type=&#8221;full_width_background&#8221; full_screen_row_position=&#8221;middle&#8221; equal_height=&#8221;yes&#8221; content_placement=&#8221;middle&#8221; bg_image=&#8221;461&#8243; bg_position=&#8221;left top&#8221; bg_repeat=&#8221;no-repeat&#8221; bg_color=&#8221;#ffffff&#8221; scene_position=&#8221;center&#8221; text_color=&#8221;light&#8221; text_align=&#8221;left&#8221; top_padding=&#8221;100&#8243; bottom_padding=&#8221;100&#8243; color_overlay=&#8221;#444444&#8243; overlay_strength=&#8221;0.5&#8243; shape_divider_position=&#8221;bottom&#8221; exclude_row_header_color_inherit=&#8221;true&#8221; shape_type=&#8221;&#8221;][vc_column column_padding=&#8221;padding-2-percent&#8221; column_padding_position=&#8221;all&#8221; background_color=&#8221;#0a0000&#8243; background_color_opacity=&#8221;0.6&#8243; background_hover_color_opacity=&#8221;1&#8243; font_color=&#8221;#ffffff&#8221; column_shadow=&#8221;none&#8221; column_border_radius=&#8221;none&#8221; width=&#8221;2\/3&#8243; tablet_text_alignment=&#8221;default&#8221;&#8230;<\/p>\n","protected":false},"author":1,"featured_media":0,"parent":751,"menu_order":0,"comment_status":"closed","ping_status":"closed","template":"","meta":{"footnotes":""},"class_list":["post-777","page","type-page","status-publish"],"yoast_head":"<!-- This site is optimized with the Yoast SEO plugin v27.2 - https:\/\/yoast.com\/product\/yoast-seo-wordpress\/ -->\n<title>Tourism - Best Western C\u00f4te d&#039;Azur<\/title>\n<meta name=\"robots\" content=\"index, follow, max-snippet:-1, max-image-preview:large, max-video-preview:-1\" \/>\n<link rel=\"canonical\" href=\"https:\/\/www.hotel-hyeres-cotedazur.fr\/en\/bw-azur\/tourism\/\" \/>\n<meta property=\"og:locale\" content=\"en_US\" \/>\n<meta property=\"og:type\" content=\"article\" \/>\n<meta property=\"og:title\" content=\"Tourism - Best Western C\u00f4te d&#039;Azur\" \/>\n<meta property=\"og:description\" content=\"[vc_row type=&#8221;full_width_background&#8221; full_screen_row_position=&#8221;middle&#8221; equal_height=&#8221;yes&#8221; content_placement=&#8221;middle&#8221; bg_image=&#8221;461&#8243; bg_position=&#8221;left top&#8221; bg_repeat=&#8221;no-repeat&#8221; bg_color=&#8221;#ffffff&#8221; scene_position=&#8221;center&#8221; text_color=&#8221;light&#8221; text_align=&#8221;left&#8221; top_padding=&#8221;100&#8243; bottom_padding=&#8221;100&#8243; color_overlay=&#8221;#444444&#8243; overlay_strength=&#8221;0.5&#8243; shape_divider_position=&#8221;bottom&#8221; exclude_row_header_color_inherit=&#8221;true&#8221; shape_type=&#8221;&#8221;][vc_column column_padding=&#8221;padding-2-percent&#8221; column_padding_position=&#8221;all&#8221; background_color=&#8221;#0a0000&#8243; background_color_opacity=&#8221;0.6&#8243; background_hover_color_opacity=&#8221;1&#8243; font_color=&#8221;#ffffff&#8221; column_shadow=&#8221;none&#8221; column_border_radius=&#8221;none&#8221; width=&#8221;2\/3&#8243; tablet_text_alignment=&#8221;default&#8221;...\" \/>\n<meta property=\"og:url\" content=\"https:\/\/www.hotel-hyeres-cotedazur.fr\/en\/bw-azur\/tourism\/\" \/>\n<meta property=\"og:site_name\" content=\"Best Western C\u00f4te d&#039;Azur\" \/>\n<meta property=\"article:modified_time\" content=\"2021-06-23T08:41:43+00:00\" \/>\n<meta name=\"twitter:card\" content=\"summary_large_image\" \/>\n<meta name=\"twitter:label1\" content=\"Est. reading time\" \/>\n\t<meta name=\"twitter:data1\" content=\"3 minutes\" \/>\n<script type=\"application\/ld+json\" class=\"yoast-schema-graph\">{\"@context\":\"https:\/\/schema.org\",\"@graph\":[{\"@type\":\"WebPage\",\"@id\":\"https:\/\/www.hotel-hyeres-cotedazur.fr\/en\/bw-azur\/tourism\/\",\"url\":\"https:\/\/www.hotel-hyeres-cotedazur.fr\/en\/bw-azur\/tourism\/\",\"name\":\"Tourism - Best Western C\u00f4te d&#039;Azur\",\"isPartOf\":{\"@id\":\"https:\/\/www.hotel-hyeres-cotedazur.fr\/#website\"},\"datePublished\":\"2021-04-20T12:40:32+00:00\",\"dateModified\":\"2021-06-23T08:41:43+00:00\",\"breadcrumb\":{\"@id\":\"https:\/\/www.hotel-hyeres-cotedazur.fr\/en\/bw-azur\/tourism\/#breadcrumb\"},\"inLanguage\":\"en-US\",\"potentialAction\":[{\"@type\":\"ReadAction\",\"target\":[\"https:\/\/www.hotel-hyeres-cotedazur.fr\/en\/bw-azur\/tourism\/\"]}]},{\"@type\":\"BreadcrumbList\",\"@id\":\"https:\/\/www.hotel-hyeres-cotedazur.fr\/en\/bw-azur\/tourism\/#breadcrumb\",\"itemListElement\":[{\"@type\":\"ListItem\",\"position\":1,\"name\":\"Accueil\",\"item\":\"https:\/\/www.hotel-hyeres-cotedazur.fr\/en\/\"},{\"@type\":\"ListItem\",\"position\":2,\"name\":\"Best Western Plus Hy\u00e8res C\u00f4te d&rsquo;Azur\",\"item\":\"https:\/\/www.hotel-hyeres-cotedazur.fr\/en\/\"},{\"@type\":\"ListItem\",\"position\":3,\"name\":\"Tourism\"}]},{\"@type\":\"WebSite\",\"@id\":\"https:\/\/www.hotel-hyeres-cotedazur.fr\/#website\",\"url\":\"https:\/\/www.hotel-hyeres-cotedazur.fr\/\",\"name\":\"Best Western C\u00f4te d&#039;Azur\",\"description\":\"BEST WESTERN PLUS H\u00d4TEL HY\u00c8RES C\u00d4TE D&#039;AZUR ****\",\"potentialAction\":[{\"@type\":\"SearchAction\",\"target\":{\"@type\":\"EntryPoint\",\"urlTemplate\":\"https:\/\/www.hotel-hyeres-cotedazur.fr\/?s={search_term_string}\"},\"query-input\":{\"@type\":\"PropertyValueSpecification\",\"valueRequired\":true,\"valueName\":\"search_term_string\"}}],\"inLanguage\":\"en-US\"}]}<\/script>\n<!-- \/ Yoast SEO plugin. -->","yoast_head_json":{"title":"Tourism - Best Western C\u00f4te d&#039;Azur","robots":{"index":"index","follow":"follow","max-snippet":"max-snippet:-1","max-image-preview":"max-image-preview:large","max-video-preview":"max-video-preview:-1"},"canonical":"https:\/\/www.hotel-hyeres-cotedazur.fr\/en\/bw-azur\/tourism\/","og_locale":"en_US","og_type":"article","og_title":"Tourism - Best Western C\u00f4te d&#039;Azur","og_description":"[vc_row type=&#8221;full_width_background&#8221; full_screen_row_position=&#8221;middle&#8221; equal_height=&#8221;yes&#8221; content_placement=&#8221;middle&#8221; bg_image=&#8221;461&#8243; bg_position=&#8221;left top&#8221; bg_repeat=&#8221;no-repeat&#8221; bg_color=&#8221;#ffffff&#8221; scene_position=&#8221;center&#8221; text_color=&#8221;light&#8221; text_align=&#8221;left&#8221; top_padding=&#8221;100&#8243; bottom_padding=&#8221;100&#8243; color_overlay=&#8221;#444444&#8243; overlay_strength=&#8221;0.5&#8243; shape_divider_position=&#8221;bottom&#8221; exclude_row_header_color_inherit=&#8221;true&#8221; shape_type=&#8221;&#8221;][vc_column column_padding=&#8221;padding-2-percent&#8221; column_padding_position=&#8221;all&#8221; background_color=&#8221;#0a0000&#8243; background_color_opacity=&#8221;0.6&#8243; background_hover_color_opacity=&#8221;1&#8243; font_color=&#8221;#ffffff&#8221; column_shadow=&#8221;none&#8221; column_border_radius=&#8221;none&#8221; width=&#8221;2\/3&#8243; tablet_text_alignment=&#8221;default&#8221;...","og_url":"https:\/\/www.hotel-hyeres-cotedazur.fr\/en\/bw-azur\/tourism\/","og_site_name":"Best Western C\u00f4te d&#039;Azur","article_modified_time":"2021-06-23T08:41:43+00:00","twitter_card":"summary_large_image","twitter_misc":{"Est. reading time":"3 minutes"},"schema":{"@context":"https:\/\/schema.org","@graph":[{"@type":"WebPage","@id":"https:\/\/www.hotel-hyeres-cotedazur.fr\/en\/bw-azur\/tourism\/","url":"https:\/\/www.hotel-hyeres-cotedazur.fr\/en\/bw-azur\/tourism\/","name":"Tourism - Best Western C\u00f4te d&#039;Azur","isPartOf":{"@id":"https:\/\/www.hotel-hyeres-cotedazur.fr\/#website"},"datePublished":"2021-04-20T12:40:32+00:00","dateModified":"2021-06-23T08:41:43+00:00","breadcrumb":{"@id":"https:\/\/www.hotel-hyeres-cotedazur.fr\/en\/bw-azur\/tourism\/#breadcrumb"},"inLanguage":"en-US","potentialAction":[{"@type":"ReadAction","target":["https:\/\/www.hotel-hyeres-cotedazur.fr\/en\/bw-azur\/tourism\/"]}]},{"@type":"BreadcrumbList","@id":"https:\/\/www.hotel-hyeres-cotedazur.fr\/en\/bw-azur\/tourism\/#breadcrumb","itemListElement":[{"@type":"ListItem","position":1,"name":"Accueil","item":"https:\/\/www.hotel-hyeres-cotedazur.fr\/en\/"},{"@type":"ListItem","position":2,"name":"Best Western Plus Hy\u00e8res C\u00f4te d&rsquo;Azur","item":"https:\/\/www.hotel-hyeres-cotedazur.fr\/en\/"},{"@type":"ListItem","position":3,"name":"Tourism"}]},{"@type":"WebSite","@id":"https:\/\/www.hotel-hyeres-cotedazur.fr\/#website","url":"https:\/\/www.hotel-hyeres-cotedazur.fr\/","name":"Best Western C\u00f4te d&#039;Azur","description":"BEST WESTERN PLUS H\u00d4TEL HY\u00c8RES C\u00d4TE D&#039;AZUR ****","potentialAction":[{"@type":"SearchAction","target":{"@type":"EntryPoint","urlTemplate":"https:\/\/www.hotel-hyeres-cotedazur.fr\/?s={search_term_string}"},"query-input":{"@type":"PropertyValueSpecification","valueRequired":true,"valueName":"search_term_string"}}],"inLanguage":"en-US"}]}},"_links":{"self":[{"href":"https:\/\/www.hotel-hyeres-cotedazur.fr\/en\/wp-json\/wp\/v2\/pages\/777","targetHints":{"allow":["GET"]}}],"collection":[{"href":"https:\/\/www.hotel-hyeres-cotedazur.fr\/en\/wp-json\/wp\/v2\/pages"}],"about":[{"href":"https:\/\/www.hotel-hyeres-cotedazur.fr\/en\/wp-json\/wp\/v2\/types\/page"}],"author":[{"embeddable":true,"href":"https:\/\/www.hotel-hyeres-cotedazur.fr\/en\/wp-json\/wp\/v2\/users\/1"}],"replies":[{"embeddable":true,"href":"https:\/\/www.hotel-hyeres-cotedazur.fr\/en\/wp-json\/wp\/v2\/comments?post=777"}],"version-history":[{"count":2,"href":"https:\/\/www.hotel-hyeres-cotedazur.fr\/en\/wp-json\/wp\/v2\/pages\/777\/revisions"}],"predecessor-version":[{"id":845,"href":"https:\/\/www.hotel-hyeres-cotedazur.fr\/en\/wp-json\/wp\/v2\/pages\/777\/revisions\/845"}],"up":[{"embeddable":true,"href":"https:\/\/www.hotel-hyeres-cotedazur.fr\/en\/wp-json\/wp\/v2\/pages\/751"}],"wp:attachment":[{"href":"https:\/\/www.hotel-hyeres-cotedazur.fr\/en\/wp-json\/wp\/v2\/media?parent=777"}],"curies":[{"name":"wp","href":"https:\/\/api.w.org\/{rel}","templated":true}]}}