{"id":788,"date":"2021-04-20T14:55:49","date_gmt":"2021-04-20T12:55:49","guid":{"rendered":"https:\/\/bwazur.novaresa.website\/?page_id=788"},"modified":"2024-05-18T11:12:53","modified_gmt":"2024-05-18T09:12:53","slug":"legal-notice","status":"publish","type":"page","link":"https:\/\/www.hotel-hyeres-cotedazur.fr\/en\/bw-azur\/legal-notice\/","title":{"rendered":"Legal Notice"},"content":{"rendered":"[vc_row type=&#8221;full_width_background&#8221; full_screen_row_position=&#8221;middle&#8221; equal_height=&#8221;yes&#8221; content_placement=&#8221;middle&#8221; bg_image=&#8221;366&#8243; bg_position=&#8221;left top&#8221; bg_repeat=&#8221;no-repeat&#8221; scene_position=&#8221;center&#8221; text_color=&#8221;light&#8221; text_align=&#8221;left&#8221; top_padding=&#8221;100&#8243; bottom_padding=&#8221;100&#8243; color_overlay=&#8221;#0a0a0a&#8221; overlay_strength=&#8221;0.5&#8243; shape_divider_position=&#8221;bottom&#8221; shape_type=&#8221;&#8221;][vc_column column_padding=&#8221;padding-2-percent&#8221; column_padding_position=&#8221;all&#8221; background_color=&#8221;#8b1936&#8243; background_color_opacity=&#8221;1&#8243; background_hover_color_opacity=&#8221;1&#8243; font_color=&#8221;#ffffff&#8221; column_shadow=&#8221;none&#8221; column_border_radius=&#8221;none&#8221; width=&#8221;1\/2&#8243; tablet_text_alignment=&#8221;default&#8221; phone_text_alignment=&#8221;default&#8221; column_border_width=&#8221;none&#8221; column_border_style=&#8221;solid&#8221;][vc_column_text]\n<h2>LEGALE NOTICE<\/h2>\n<div class=\"vc_row wpb_row wf-container\">\n<div class=\"wpb_column vc_column_container vc_col-sm-12 instance-4 instance-2\">\n<div class=\"wpb_wrapper\">\n<div class=\"wpb_text_column wpb_content_element \">\n<div class=\"wpb_wrapper\">\n<p>&nbsp;<\/p>\n<div class=\"vc_row wpb_row wf-container\">\n<div class=\"wpb_column vc_column_container vc_col-sm-12 instance-4 instance-2\">\n<div class=\"wpb_wrapper\">\n<div class=\"wpb_text_column wpb_content_element \">\n<div class=\"wpb_wrapper\">\n<h3>Best Western Plus H\u00f4tel Hy\u00e8res C\u00f4te d\u2019Azur<\/h3>\n<\/div>\n<\/div>\n<div class=\"wpb_text_column wpb_content_element \">\n<div class=\"wpb_wrapper\">\n<p>20 Impasse Saint Joseph,\u00a083400,\u00a0Hy\u00e8res,\u00a0France<strong><br \/>\n<\/strong>+33 (0)4 94 00 52 52<br \/>\nreception.hyeres@rivieraorigins.com<\/p>\n<p>RCS Toulon B 790 945 182<\/p>\n<p>Num\u00e9ro SIRET : 79094518200018<br \/>\nNum\u00e9ro de TVA : FR24790945182<\/p>\n<\/div>\n<\/div>\n<\/div>\n<\/div>\n<\/div>\n<\/div>\n<\/div>\n<\/div>\n<\/div>\n<\/div>\n[\/vc_column_text][\/vc_column][vc_column column_padding=&#8221;padding-2-percent&#8221; column_padding_position=&#8221;all&#8221; background_color=&#8221;#8b1936&#8243; background_color_opacity=&#8221;1&#8243; background_hover_color_opacity=&#8221;1&#8243; font_color=&#8221;#ffffff&#8221; column_shadow=&#8221;none&#8221; column_border_radius=&#8221;none&#8221; width=&#8221;1\/2&#8243; tablet_text_alignment=&#8221;default&#8221; phone_text_alignment=&#8221;default&#8221; column_border_width=&#8221;none&#8221; column_border_style=&#8221;solid&#8221;][vc_column_text]\n<h2>DESIGN &amp; HOSTING<\/h2>\n<p>&nbsp;<\/p>\n<div class=\"vc_row wpb_row wf-container\">\n<div class=\"wpb_column vc_column_container vc_col-sm-12 instance-4 instance-2\">\n<div class=\"wpb_wrapper\">\n<div class=\"wpb_text_column wpb_content_element \">\n<div class=\"wpb_wrapper\">\n<h3>NOVARESAS SAS<\/h3>\n<\/div>\n<\/div>\n<div class=\"wpb_text_column wpb_content_element \">\n<div class=\"wpb_wrapper\">\n<p>RCS Pau 433 390 887<\/p>\n<p>Technopole H\u00e9lioparc \u2013 2 avenue du Pr\u00e9sident Pierre Angot \u2013 64053 Pau cedex 09<\/p>\n<p>T\u00e9l. : 05 59 30 91 78 \u2013 Fax : 05 59 30 98 62<\/p>\n<p>Mail :\u00a0<a href=\"mailto:contact@novae-communication.com\">contact@novae-communication.com<\/a><\/p>\n<\/div>\n<\/div>\n<\/div>\n<\/div>\n<\/div>\n[\/vc_column_text][\/vc_column][\/vc_row]\n","protected":false},"excerpt":{"rendered":"<p>[vc_row type=&#8221;full_width_background&#8221; full_screen_row_position=&#8221;middle&#8221; equal_height=&#8221;yes&#8221; content_placement=&#8221;middle&#8221; bg_image=&#8221;366&#8243; bg_position=&#8221;left top&#8221; bg_repeat=&#8221;no-repeat&#8221; scene_position=&#8221;center&#8221; text_color=&#8221;light&#8221; text_align=&#8221;left&#8221; top_padding=&#8221;100&#8243; bottom_padding=&#8221;100&#8243; color_overlay=&#8221;#0a0a0a&#8221; overlay_strength=&#8221;0.5&#8243; shape_divider_position=&#8221;bottom&#8221; shape_type=&#8221;&#8221;][vc_column column_padding=&#8221;padding-2-percent&#8221; column_padding_position=&#8221;all&#8221; background_color=&#8221;#8b1936&#8243; background_color_opacity=&#8221;1&#8243; background_hover_color_opacity=&#8221;1&#8243; font_color=&#8221;#ffffff&#8221; column_shadow=&#8221;none&#8221; column_border_radius=&#8221;none&#8221; width=&#8221;1\/2&#8243; tablet_text_alignment=&#8221;default&#8221; phone_text_alignment=&#8221;default&#8221; column_border_width=&#8221;none&#8221;&#8230;<\/p>\n","protected":false},"author":1,"featured_media":0,"parent":751,"menu_order":0,"comment_status":"closed","ping_status":"closed","template":"","meta":{"footnotes":""},"class_list":["post-788","page","type-page","status-publish"],"yoast_head":"<!-- This site is optimized with the Yoast SEO plugin v27.2 - https:\/\/yoast.com\/product\/yoast-seo-wordpress\/ -->\n<title>Legal Notice - Best Western C\u00f4te d&#039;Azur<\/title>\n<meta name=\"robots\" content=\"index, follow, max-snippet:-1, max-image-preview:large, max-video-preview:-1\" \/>\n<link rel=\"canonical\" href=\"https:\/\/www.hotel-hyeres-cotedazur.fr\/en\/bw-azur\/legal-notice\/\" \/>\n<meta property=\"og:locale\" content=\"en_US\" \/>\n<meta property=\"og:type\" content=\"article\" \/>\n<meta property=\"og:title\" content=\"Legal Notice - Best Western C\u00f4te d&#039;Azur\" \/>\n<meta property=\"og:description\" content=\"[vc_row type=&#8221;full_width_background&#8221; full_screen_row_position=&#8221;middle&#8221; equal_height=&#8221;yes&#8221; content_placement=&#8221;middle&#8221; bg_image=&#8221;366&#8243; bg_position=&#8221;left top&#8221; bg_repeat=&#8221;no-repeat&#8221; scene_position=&#8221;center&#8221; text_color=&#8221;light&#8221; text_align=&#8221;left&#8221; top_padding=&#8221;100&#8243; bottom_padding=&#8221;100&#8243; color_overlay=&#8221;#0a0a0a&#8221; overlay_strength=&#8221;0.5&#8243; shape_divider_position=&#8221;bottom&#8221; shape_type=&#8221;&#8221;][vc_column column_padding=&#8221;padding-2-percent&#8221; column_padding_position=&#8221;all&#8221; background_color=&#8221;#8b1936&#8243; background_color_opacity=&#8221;1&#8243; background_hover_color_opacity=&#8221;1&#8243; font_color=&#8221;#ffffff&#8221; column_shadow=&#8221;none&#8221; column_border_radius=&#8221;none&#8221; width=&#8221;1\/2&#8243; tablet_text_alignment=&#8221;default&#8221; phone_text_alignment=&#8221;default&#8221; column_border_width=&#8221;none&#8221;...\" \/>\n<meta property=\"og:url\" content=\"https:\/\/www.hotel-hyeres-cotedazur.fr\/en\/bw-azur\/legal-notice\/\" \/>\n<meta property=\"og:site_name\" content=\"Best Western C\u00f4te d&#039;Azur\" \/>\n<meta property=\"article:modified_time\" content=\"2024-05-18T09:12:53+00:00\" \/>\n<meta name=\"twitter:card\" content=\"summary_large_image\" \/>\n<meta name=\"twitter:label1\" content=\"Est. reading time\" \/>\n\t<meta name=\"twitter:data1\" content=\"1 minute\" \/>\n<script type=\"application\/ld+json\" class=\"yoast-schema-graph\">{\"@context\":\"https:\/\/schema.org\",\"@graph\":[{\"@type\":\"WebPage\",\"@id\":\"https:\/\/www.hotel-hyeres-cotedazur.fr\/en\/bw-azur\/legal-notice\/\",\"url\":\"https:\/\/www.hotel-hyeres-cotedazur.fr\/en\/bw-azur\/legal-notice\/\",\"name\":\"Legal Notice - Best Western C\u00f4te d&#039;Azur\",\"isPartOf\":{\"@id\":\"https:\/\/www.hotel-hyeres-cotedazur.fr\/#website\"},\"datePublished\":\"2021-04-20T12:55:49+00:00\",\"dateModified\":\"2024-05-18T09:12:53+00:00\",\"breadcrumb\":{\"@id\":\"https:\/\/www.hotel-hyeres-cotedazur.fr\/en\/bw-azur\/legal-notice\/#breadcrumb\"},\"inLanguage\":\"en-US\",\"potentialAction\":[{\"@type\":\"ReadAction\",\"target\":[\"https:\/\/www.hotel-hyeres-cotedazur.fr\/en\/bw-azur\/legal-notice\/\"]}]},{\"@type\":\"BreadcrumbList\",\"@id\":\"https:\/\/www.hotel-hyeres-cotedazur.fr\/en\/bw-azur\/legal-notice\/#breadcrumb\",\"itemListElement\":[{\"@type\":\"ListItem\",\"position\":1,\"name\":\"Accueil\",\"item\":\"https:\/\/www.hotel-hyeres-cotedazur.fr\/en\/\"},{\"@type\":\"ListItem\",\"position\":2,\"name\":\"Best Western Plus Hy\u00e8res C\u00f4te d&rsquo;Azur\",\"item\":\"https:\/\/www.hotel-hyeres-cotedazur.fr\/en\/\"},{\"@type\":\"ListItem\",\"position\":3,\"name\":\"Legal Notice\"}]},{\"@type\":\"WebSite\",\"@id\":\"https:\/\/www.hotel-hyeres-cotedazur.fr\/#website\",\"url\":\"https:\/\/www.hotel-hyeres-cotedazur.fr\/\",\"name\":\"Best Western C\u00f4te d&#039;Azur\",\"description\":\"BEST WESTERN PLUS H\u00d4TEL HY\u00c8RES C\u00d4TE D&#039;AZUR ****\",\"potentialAction\":[{\"@type\":\"SearchAction\",\"target\":{\"@type\":\"EntryPoint\",\"urlTemplate\":\"https:\/\/www.hotel-hyeres-cotedazur.fr\/?s={search_term_string}\"},\"query-input\":{\"@type\":\"PropertyValueSpecification\",\"valueRequired\":true,\"valueName\":\"search_term_string\"}}],\"inLanguage\":\"en-US\"}]}<\/script>\n<!-- \/ Yoast SEO plugin. -->","yoast_head_json":{"title":"Legal Notice - Best Western C\u00f4te d&#039;Azur","robots":{"index":"index","follow":"follow","max-snippet":"max-snippet:-1","max-image-preview":"max-image-preview:large","max-video-preview":"max-video-preview:-1"},"canonical":"https:\/\/www.hotel-hyeres-cotedazur.fr\/en\/bw-azur\/legal-notice\/","og_locale":"en_US","og_type":"article","og_title":"Legal Notice - Best Western C\u00f4te d&#039;Azur","og_description":"[vc_row type=&#8221;full_width_background&#8221; full_screen_row_position=&#8221;middle&#8221; equal_height=&#8221;yes&#8221; content_placement=&#8221;middle&#8221; bg_image=&#8221;366&#8243; bg_position=&#8221;left top&#8221; bg_repeat=&#8221;no-repeat&#8221; scene_position=&#8221;center&#8221; text_color=&#8221;light&#8221; text_align=&#8221;left&#8221; top_padding=&#8221;100&#8243; bottom_padding=&#8221;100&#8243; color_overlay=&#8221;#0a0a0a&#8221; overlay_strength=&#8221;0.5&#8243; shape_divider_position=&#8221;bottom&#8221; shape_type=&#8221;&#8221;][vc_column column_padding=&#8221;padding-2-percent&#8221; column_padding_position=&#8221;all&#8221; background_color=&#8221;#8b1936&#8243; background_color_opacity=&#8221;1&#8243; background_hover_color_opacity=&#8221;1&#8243; font_color=&#8221;#ffffff&#8221; column_shadow=&#8221;none&#8221; column_border_radius=&#8221;none&#8221; width=&#8221;1\/2&#8243; tablet_text_alignment=&#8221;default&#8221; phone_text_alignment=&#8221;default&#8221; column_border_width=&#8221;none&#8221;...","og_url":"https:\/\/www.hotel-hyeres-cotedazur.fr\/en\/bw-azur\/legal-notice\/","og_site_name":"Best Western C\u00f4te d&#039;Azur","article_modified_time":"2024-05-18T09:12:53+00:00","twitter_card":"summary_large_image","twitter_misc":{"Est. reading time":"1 minute"},"schema":{"@context":"https:\/\/schema.org","@graph":[{"@type":"WebPage","@id":"https:\/\/www.hotel-hyeres-cotedazur.fr\/en\/bw-azur\/legal-notice\/","url":"https:\/\/www.hotel-hyeres-cotedazur.fr\/en\/bw-azur\/legal-notice\/","name":"Legal Notice - Best Western C\u00f4te d&#039;Azur","isPartOf":{"@id":"https:\/\/www.hotel-hyeres-cotedazur.fr\/#website"},"datePublished":"2021-04-20T12:55:49+00:00","dateModified":"2024-05-18T09:12:53+00:00","breadcrumb":{"@id":"https:\/\/www.hotel-hyeres-cotedazur.fr\/en\/bw-azur\/legal-notice\/#breadcrumb"},"inLanguage":"en-US","potentialAction":[{"@type":"ReadAction","target":["https:\/\/www.hotel-hyeres-cotedazur.fr\/en\/bw-azur\/legal-notice\/"]}]},{"@type":"BreadcrumbList","@id":"https:\/\/www.hotel-hyeres-cotedazur.fr\/en\/bw-azur\/legal-notice\/#breadcrumb","itemListElement":[{"@type":"ListItem","position":1,"name":"Accueil","item":"https:\/\/www.hotel-hyeres-cotedazur.fr\/en\/"},{"@type":"ListItem","position":2,"name":"Best Western Plus Hy\u00e8res C\u00f4te d&rsquo;Azur","item":"https:\/\/www.hotel-hyeres-cotedazur.fr\/en\/"},{"@type":"ListItem","position":3,"name":"Legal Notice"}]},{"@type":"WebSite","@id":"https:\/\/www.hotel-hyeres-cotedazur.fr\/#website","url":"https:\/\/www.hotel-hyeres-cotedazur.fr\/","name":"Best Western C\u00f4te d&#039;Azur","description":"BEST WESTERN PLUS H\u00d4TEL HY\u00c8RES C\u00d4TE D&#039;AZUR ****","potentialAction":[{"@type":"SearchAction","target":{"@type":"EntryPoint","urlTemplate":"https:\/\/www.hotel-hyeres-cotedazur.fr\/?s={search_term_string}"},"query-input":{"@type":"PropertyValueSpecification","valueRequired":true,"valueName":"search_term_string"}}],"inLanguage":"en-US"}]}},"_links":{"self":[{"href":"https:\/\/www.hotel-hyeres-cotedazur.fr\/en\/wp-json\/wp\/v2\/pages\/788","targetHints":{"allow":["GET"]}}],"collection":[{"href":"https:\/\/www.hotel-hyeres-cotedazur.fr\/en\/wp-json\/wp\/v2\/pages"}],"about":[{"href":"https:\/\/www.hotel-hyeres-cotedazur.fr\/en\/wp-json\/wp\/v2\/types\/page"}],"author":[{"embeddable":true,"href":"https:\/\/www.hotel-hyeres-cotedazur.fr\/en\/wp-json\/wp\/v2\/users\/1"}],"replies":[{"embeddable":true,"href":"https:\/\/www.hotel-hyeres-cotedazur.fr\/en\/wp-json\/wp\/v2\/comments?post=788"}],"version-history":[{"count":2,"href":"https:\/\/www.hotel-hyeres-cotedazur.fr\/en\/wp-json\/wp\/v2\/pages\/788\/revisions"}],"predecessor-version":[{"id":890,"href":"https:\/\/www.hotel-hyeres-cotedazur.fr\/en\/wp-json\/wp\/v2\/pages\/788\/revisions\/890"}],"up":[{"embeddable":true,"href":"https:\/\/www.hotel-hyeres-cotedazur.fr\/en\/wp-json\/wp\/v2\/pages\/751"}],"wp:attachment":[{"href":"https:\/\/www.hotel-hyeres-cotedazur.fr\/en\/wp-json\/wp\/v2\/media?parent=788"}],"curies":[{"name":"wp","href":"https:\/\/api.w.org\/{rel}","templated":true}]}}